{"id":3677,"date":"2017-12-08T09:54:54","date_gmt":"2017-12-08T09:54:54","guid":{"rendered":"https:\/\/keydesign-themes.com\/leadengine\/?page_id=3677"},"modified":"2023-09-15T22:09:07","modified_gmt":"2023-09-15T22:09:07","slug":"aviso-de-privacidad","status":"publish","type":"page","link":"https:\/\/klimet.com.mx\/klimetventaenlinea\/aviso-de-privacidad\/","title":{"rendered":"Aviso de Privacidad"},"content":{"rendered":"<div class=\"wpb-content-wrapper\"><p>[vc_row][vc_column css=&#8221;.vc_custom_1519744878939{padding-right: 25px !important;}&#8221; offset=&#8221;vc_col-lg-8 vc_col-md-12 vc_col-xs-12&#8243;][vc_row_inner][vc_column_inner offset=&#8221;vc_hidden-lg&#8221;][\/vc_column_inner][\/vc_row_inner][vc_column_text]<\/p>\n<h1>Aviso de Privacidad<\/h1>\n<p><i>Versi\u00f3n No. 5 &#8211; Fecha de publicaci\u00f3n: 8 de octubre de 2020.<\/i><\/p>\n<p>Compartimos con usted nuestro aviso de privacidad en apego a la Ley Federal de Protecci\u00f3n de Datos Personales en Posesi\u00f3n de los Particulares, en adelante \u201cla LFPDPPP\u201d, publicada en el Diario Oficial de la Federaci\u00f3n el d\u00eda 5 de julio de 2010, as\u00ed como al Reglamento de la Ley Federal de Protecci\u00f3n de Datos Personales en Posesi\u00f3n de los Particulares y los lineamientos emitidos por la Secretar\u00eda de Econom\u00eda para el contenido y alcances de los avisos de privacidad en coadyuvancia con el Instituto Nacional de Transparencia, Acceso a la Informaci\u00f3n y Protecci\u00f3n de Datos Personales (en su conjunto, seg\u00fan aplique, la \u201cLey\u201d).<\/p>\n<p>Para la prestaci\u00f3n de nuestros Servicios, y para cumplir con las finalidades del tratamiento se\u00f1aladas en el presente Aviso de Privacidad, es necesario que KLIMET trate los siguientes datos personales:<\/p>\n<h1>1.- Identidad:<\/h1>\n<p>KLIMET, S.A. de C.V. es el responsable del uso y protecci\u00f3n de sus datos personales, en lo sucesivo \u201cKlimet\u201d.<\/p>\n<h1>2.- Domicilio:<\/h1>\n<p>Para efectos del presente aviso de privacidad, KLIMET se\u00f1ala su domicilio en avenida L\u00e1zaro C\u00e1rdenas en el n\u00famero 1150, colonia Parque Industrial el \u00c1lamo, Guadalajara, Jalisco. El sitio web oficial es en www.klimet.com.mx<\/p>\n<h1>3.- Datos del usuario.<\/h1>\n<p>En cumplimiento a lo establecido en el art\u00edculo 15 de la Ley, a continuaci\u00f3n se mencionan los datos personales que se le requieren para cumplir con las finalidades establecidas en el punto inmediato anterior: Nombre(s) y apellidos, domicilio, tel\u00e9fono fijo (de casa u oficina), tel\u00e9fono celular, registro federal de contribuyentes y correo electr\u00f3nico. Los datos personales ser\u00e1n recabados mediante el llenado de los formatos f\u00edsicos o remotos, y\/o mediante la recopilaci\u00f3n de\u00a0 informaci\u00f3n\u00a0 o documentaci\u00f3n\u00a0 requerida por\u00a0 KLIMET,\u00a0 ya sea de manera personal\u00a0 o v\u00eda electr\u00f3nica en cualquiera de las p\u00e1ginas de internet de su propiedad. KLIMET no recaba ni trata datos personales sensibles de sus clientes.<\/p>\n<p>Para efectos del presente aviso de privacidad, KLIMET, podr\u00e1 utilizar datos del usuario, a los cuales la empresa tendr\u00e1 acceso si, y solo si, el usuario se los proporciona de manera voluntaria.<\/p>\n<p>Los datos personales ser\u00e1n recabados mediante el llenado de los formatos f\u00edsicos o remotos, y\/o mediante la recopilaci\u00f3n de informaci\u00f3n o documentaci\u00f3n requerida por KLIMET, ya sea de manera personal o v\u00eda electr\u00f3nica en cualquiera de las p\u00e1ginas de internet de su propiedad. KLIMET no recaba ni trata datos personales sensibles de sus clientes.<\/p>\n<h1>4.- Finalidades del tratamiento de sus datos personales.<\/h1>\n<p>Se recaba, utiliza, almacena o transfiere sus datos personales, en la medida en que las leyes aplicables lo permiten, con el objeto de (i) darle a conocer la informaci\u00f3n comercial de los productos de KLIMET, entre la que se destaca la relacionada con promociones, informaci\u00f3n de nuevos productos y cualquier otro promocional o cuesti\u00f3n relacionada con nuestros productos y\/o servicios; y (ii) para integrar su expediente como cliente. Cabe se\u00f1alar que el tratamiento de datos personales por parte de KLIMET se limitar\u00e1 al cumplimiento de las finalidades aqu\u00ed previstas y en caso que se pretenda tratar sus datos personales para un fin distinto a los establecidos en el presente Aviso de privacidad, KLIMET requerir\u00e1 su consentimiento para tal fin, de nueva cuenta, por correo electr\u00f3nico.<\/p>\n<h1>5.- Transferencia de datos personales.<\/h1>\n<p>Son los datos personales, ya sea de identificaci\u00f3n y\/o financieros y\/o profesionales proporcionados por usted de manera directa o por cualquier medio de contacto y\/o foro p\u00fablico de conexi\u00f3n en l\u00ednea relacionados con los productos o servicios que ofrece Klimet, o sobre la informaci\u00f3n t\u00e9cnica y promociones comerciales de los mismos y cualesquiera otros datos que se recaben de tiempo en tiempo con motivo de las relaci\u00f3n comercial. Klimet no recaba ni trata ni trasfiere a terceros datos personales sensibles.<\/p>\n<h1>6.- Consentimiento y seguridad de los datos personales.<\/h1>\n<p>En caso que usted no manifieste oposici\u00f3n mediante solicitud por escrito al contenido y alcances del presente Aviso de privacidad, dentro de un periodo de dos meses, contados a partir de la fecha en la que KLIMET le informe sobre este o sobre sus modificaciones, se entender\u00e1 que usted otorga su consentimiento t\u00e1cito para que KLIMET efect\u00fae el tratamiento de sus datos personales con base en las finalidades del tratamiento.<\/p>\n<p>KLIMET implementa medidas de seguridad, t\u00e9cnicas, administrativas y f\u00edsicas, necesarias para proteger sus datos personales y evitar su da\u00f1o, p\u00e9rdida, alteraci\u00f3n, destrucci\u00f3n o el uso, acceso o tratamiento no autorizado, por lo que realizar\u00e1 las siguientes acciones: (a) Confidencialidad de la informaci\u00f3n. KLIMET guardar\u00e1 confidencialidad respecto de\u00a0 sus\u00a0 datos personales recabados, mismas que subsistir\u00e1 aun despu\u00e9s de finalizar las relaciones\u00a0 comerciales o de otra naturaleza. (b) Notificaci\u00f3n de confidencialidad. En caso que, por alg\u00fan motivo KLIMET se vea en la necesidad de proporcionar sus datos personales a terceros (en los t\u00e9rminos previstos en la Ley o en el presente Aviso de privacidad), notificar\u00e1 a dichos terceros la obligaci\u00f3n de cumplir con las disposiciones de\u00a0 la Ley y la confidencialidad de sus datos personales. (c) Administraci\u00f3n de bases de datos. Los datos personales son administrados y resguardados mediante el uso de bases de datos, por las personas designadas para tal efecto, sin que se permita su uso, consulta, manejo o acceso a personas no autorizadas.<\/p>\n<h1>7. -Datos personales de menores de edad.<\/h1>\n<p>En t\u00e9rminos generales, KLIMET no recolecta intencionalmente informaci\u00f3n de menores de edad por cuanto los servicios y\/o productos que ofrecemos no est\u00e1n dirigidos a menores de edad. Sin embargo, en dado caso que obtengamos, usemos o almacenemos datos personales de menores de edad, lo haremos con el consentimiento de sus padres o tutores.<\/p>\n<h1>8.-Periodo de retenci\u00f3n de la informaci\u00f3n personal.<\/h1>\n<p>Le informamos que retenemos su informaci\u00f3n personal por el tiempo necesario para proporcionar cualquier servicio y cumplir con los prop\u00f3sitos establecidos en el presente aviso de privacidad.<\/p>\n<p>Para determinar el periodo de retenci\u00f3n apropiado para su informaci\u00f3n personal tomamos en cuenta la cantidad, naturaleza y sensibilidad de la informaci\u00f3n personal, el riesgo potencial de da\u00f1o por uso o revelaci\u00f3n no autorizada de dicha informaci\u00f3n personal, el prop\u00f3sito para el cual procesamos su informaci\u00f3n personal y si tenemos otras alternativas para cumplir con dichos prop\u00f3sitos. Despu\u00e9s de dicho periodo de retenci\u00f3n sus datos personales ser\u00e1n borrados, a menos que sea razonablemente necesario retenerlos para cumplir con nuestras obligaciones legales (incluyendo solicitudes u \u00f3rdenes de cualquier autoridad), para cumplir con requisitos regulatorios, para resolver disputas, por razones de seguridad, para prevenir y evitar fraudes u otros actos il\u00edcitos, para cumplir con solicitudes adicionales suyas o para hacer cumplir cualesquiera t\u00e9rminos de uso de nuestras plataformas, pol\u00edticas u otros documentos legales seg\u00fan corresponda.<\/p>\n<h1>9. -Cookies y protocolo de seguridad en l\u00ednea.<\/h1>\n<p>&#8220;Cookie&#8221; significa un archivo de datos que se almacena en el disco duro de la computadora del usuario cuando \u00e9ste tiene acceso a la p\u00e1gina de Internet. Dichos archivos pueden contener informaci\u00f3n tal como la identificaci\u00f3n proporcionada por el usuario o informaci\u00f3n para rastrear las p\u00e1ginas que el usuario ha visitado. Una cookie no puede leer los datos o informaci\u00f3n del disco duro del Usuario ni leer las cookies creadas por otros sitios o p\u00e1ginas. Le informamos que en nuestra p\u00e1gina de Internet utilizamos cookies y otras tecnolog\u00edas de rastreo para recabar ciertos datos personales<\/p>\n<h1>10.- Revocaci\u00f3n de consentimiento y Derechos de Acceso, Rectificaci\u00f3n, Cancelaci\u00f3n u Oposici\u00f3n.<\/h1>\n<p>En su car\u00e1cter de\u00a0 titular de datos personales, puede presentar\u00a0 o enviar al departamento de datos personales de KLIMET una solicitud para la revocaci\u00f3n de su consentimiento, el Acceso, Rectificaci\u00f3n, Cancelaci\u00f3n u Oposici\u00f3n, respecto de los mismos. El departamento de datos personales dar\u00e1 tr\u00e1mite a sus solicitudes y fomentar\u00e1 la protecci\u00f3n de los datos personales al interior de KLIMET. Para cualquier solicitud de este tipo, que le competa al Departamento de Datos Personales de Klimet, por favor env\u00ede un correo electr\u00f3nico a datospersonales@klimet.net y con gusto ser\u00e1 atendida.<\/p>\n<p>KLIMET comunicar\u00e1 al titular de los datos personales la determinaci\u00f3n adoptada, en un plazo no mayor a 20 (veinte) d\u00edas h\u00e1biles contados desde la fecha en que se recibi\u00f3 la solicitud.<\/p>\n<h1>11.- Instituto Nacional de Transparencia Acceso a la Informaci\u00f3n y Protecci\u00f3n de Datos Personales.<\/h1>\n<p>En caso de considerarlo necesario, le informamos que tiene el derecho de acudir ante el Instituto Nacional de Transparencia Acceso a la Informaci\u00f3n y Protecci\u00f3n de Datos Personales (INAI) para hacer valer cualquier inconformidad relacionada con el tratamiento de sus datos personales por parte de Klimet.<\/p>\n<h1>11.- Cambios al aviso de privacidad.<\/h1>\n<p>KLIMET se reserva el derecho de efectuar, en cualquier momento, modificaciones o actualizaciones al presente Aviso de privacidad, para la atenci\u00f3n de novedades legislativas o jurisprudenciales, pol\u00edticas internas, nuevos requerimientos para la prestaci\u00f3n u ofrecimiento de sus productos y servicios, o por pr\u00e1cticas comerciales.<\/p>\n<p>Por este medio se le informa que en t\u00e9rminos de la LFPDPPP, toda videograbaci\u00f3n en y dentro de nuestras instalaciones por las c\u00e1maras de seguridad, con domicilio en avenida L\u00e1zaro C\u00e1rdenas en el n\u00famero 1150, colonia Parque Industrial el \u00c1lamo, Guadalajara, Jalisco, quien dar\u00e1 tratamiento a sus datos personales \u00fanicamente para fines de seguridad. Las im\u00e1genes y sonidos captados por las c\u00e1maras de video vigilancia ser\u00e1n utilizados para su seguridad y de las personas que nos visitan, con la \u00fanica finalidad de seguridad y vigilancia de las instalaciones, as\u00ed como de las personas que ingresan a \u00e9sta zona.[\/vc_column_text][\/vc_column][\/vc_row]<\/p>\n<\/div>","protected":false},"excerpt":{"rendered":"<p>[vc_row][vc_column css=&#8221;.vc_custom_1519744878939{padding-right: 25px !important;}&#8221; offset=&#8221;vc_col-lg-8 vc_col-md-12 vc_col-xs-12&#8243;][vc_row_inner][vc_column_inner offset=&#8221;vc_hidden-lg&#8221;][\/vc_column_inner][\/vc_row_inner][vc_column_text] Aviso de Privacidad Versi\u00f3n No. 5 &#8211; Fecha de publicaci\u00f3n: 8 de octubre de 2020. Compartimos con usted nuestro [&hellip;]<\/p>\n","protected":false},"author":2,"featured_media":0,"parent":0,"menu_order":0,"comment_status":"closed","ping_status":"closed","template":"","meta":{"footnotes":""},"_links":{"self":[{"href":"https:\/\/klimet.com.mx\/klimetventaenlinea\/wp-json\/wp\/v2\/pages\/3677"}],"collection":[{"href":"https:\/\/klimet.com.mx\/klimetventaenlinea\/wp-json\/wp\/v2\/pages"}],"about":[{"href":"https:\/\/klimet.com.mx\/klimetventaenlinea\/wp-json\/wp\/v2\/types\/page"}],"author":[{"embeddable":true,"href":"https:\/\/klimet.com.mx\/klimetventaenlinea\/wp-json\/wp\/v2\/users\/2"}],"replies":[{"embeddable":true,"href":"https:\/\/klimet.com.mx\/klimetventaenlinea\/wp-json\/wp\/v2\/comments?post=3677"}],"version-history":[{"count":2,"href":"https:\/\/klimet.com.mx\/klimetventaenlinea\/wp-json\/wp\/v2\/pages\/3677\/revisions"}],"predecessor-version":[{"id":7149,"href":"https:\/\/klimet.com.mx\/klimetventaenlinea\/wp-json\/wp\/v2\/pages\/3677\/revisions\/7149"}],"wp:attachment":[{"href":"https:\/\/klimet.com.mx\/klimetventaenlinea\/wp-json\/wp\/v2\/media?parent=3677"}],"curies":[{"name":"wp","href":"https:\/\/api.w.org\/{rel}","templated":true}]}}